{"id":77,"date":"2024-02-18T18:34:13","date_gmt":"2024-02-18T18:34:13","guid":{"rendered":"https:\/\/pensandopoliticaspublicas.com.ar\/?page_id=77"},"modified":"2026-01-21T20:55:18","modified_gmt":"2026-01-21T20:55:18","slug":"nosotros","status":"publish","type":"page","link":"https:\/\/pensandopoliticaspublicas.com.ar\/index.php\/nosotros\/","title":{"rendered":"Nosotros"},"content":{"rendered":"<p>[et_pb_section fb_built=\u00bb1&#8243; custom_padding_last_edited=\u00bbon|phone\u00bb _builder_version=\u00bb4.24.2&#8243; _module_preset=\u00bbdefault\u00bb background_color=\u00bbgcid-6b01aeae-6a37-4b06-9919-8eb39740cf76&#8243; background_image=\u00bbhttps:\/\/pensandopoliticaspublicas.com.ar\/wp-content\/uploads\/2024\/02\/logo.png\u00bb background_size=\u00bbcustom\u00bb background_image_width=\u00bb30%\u00bb background_position=\u00bbcenter_right\u00bb background_enable_mask_style=\u00bbon\u00bb background_mask_style=\u00bbpaint\u00bb custom_padding=\u00bb120px||75px|||\u00bb custom_padding_tablet=\u00bb120px||75px|||\u00bb custom_padding_phone=\u00bb40px||75px||false|false\u00bb background_color_phone=\u00bbgcid-6b01aeae-6a37-4b06-9919-8eb39740cf76&#8243; background_last_edited=\u00bbon|phone\u00bb background_enable_color_phone=\u00bbon\u00bb background_enable_image_phone=\u00bboff\u00bb background_enable_mask_style_phone=\u00bbon\u00bb background_mask_style_phone=\u00bbpaint\u00bb background_mask_color_phone=\u00bbgcid-5efb8e2f-33d9-45f2-8f27-6ab1f105af16&#8243; background_mask_aspect_ratio_phone=\u00bbportrait\u00bb background_mask_size_phone=\u00bbcover\u00bb background_mask_width_phone=\u00bb66%\u00bb global_colors_info=\u00bb{%22gcid-5efb8e2f-33d9-45f2-8f27-6ab1f105af16%22:%91%22background_mask_color%22%93,%22gcid-6b01aeae-6a37-4b06-9919-8eb39740cf76%22:%91%22background_color%22%93}\u00bb][et_pb_row column_structure=\u00bb1_2,1_2&#8243; _builder_version=\u00bb4.24.2&#8243; _module_preset=\u00bbdefault\u00bb width=\u00bb85%\u00bb max_width=\u00bb100%\u00bb global_colors_info=\u00bb{}\u00bb][et_pb_column type=\u00bb1_2&#8243; _builder_version=\u00bb4.24.2&#8243; _module_preset=\u00bbdefault\u00bb global_colors_info=\u00bb{}\u00bb][et_pb_text _builder_version=\u00bb4.27.4&#8243; _module_preset=\u00bbdefault\u00bb text_font=\u00bbPoppins||||||||\u00bb header_font=\u00bbPoppins|600|||||||\u00bb header_font_size=\u00bb40px\u00bb header_line_height=\u00bb1.2em\u00bb hover_enabled=\u00bb0&#8243; text_text_color_tablet=\u00bb\u00bb text_text_color_phone=\u00bb#FFFFFF\u00bb text_text_color_last_edited=\u00bbon|phone\u00bb text_font_size_last_edited=\u00bboff|phone\u00bb header_text_color_tablet=\u00bb\u00bb header_text_color_phone=\u00bb#FFFFFF\u00bb header_text_color_last_edited=\u00bbon|phone\u00bb header_font_size_tablet=\u00bb40px\u00bb header_font_size_phone=\u00bb30px\u00bb header_font_size_last_edited=\u00bbon|phone\u00bb global_colors_info=\u00bb{}\u00bb sticky_enabled=\u00bb0&#8243;]<\/p>\n<h2>Centro de Estudios Pensando en Generar Pol\u00edticas P\u00fablicas \u2013 Asociaci\u00f3n Civil<\/h2>\n<p><em>(exp. 21209\u2013215605 \/23\/4)<\/em><\/p>\n<p>[\/et_pb_text][et_pb_text _builder_version=\u00bb4.27.4&#8243; _module_preset=\u00bbdefault\u00bb text_font=\u00bbPoppins||||||||\u00bb text_text_color=\u00bb#000000&#8243; text_font_size=\u00bb21px\u00bb text_line_height=\u00bb1.6em\u00bb hover_enabled=\u00bb0&#8243; text_font_size_tablet=\u00bb21px\u00bb text_font_size_phone=\u00bb19px\u00bb text_font_size_last_edited=\u00bbon|phone\u00bb global_colors_info=\u00bb{}\u00bb sticky_enabled=\u00bb0&#8243;]<\/p>\n<p>Somos una organizaci\u00f3n no gubernamental sin fines de lucro, fundada en 2017 en la ciudad de La Plata, Argentina.<\/p>\n<p>[\/et_pb_text][\/et_pb_column][et_pb_column type=\u00bb1_2&#8243; _builder_version=\u00bb4.24.2&#8243; _module_preset=\u00bbdefault\u00bb global_colors_info=\u00bb{}\u00bb][\/et_pb_column][\/et_pb_row][\/et_pb_section][et_pb_section fb_built=\u00bb1&#8243; custom_padding_last_edited=\u00bbon|phone\u00bb _builder_version=\u00bb4.24.2&#8243; _module_preset=\u00bbdefault\u00bb custom_padding=\u00bb0px||100px|||\u00bb custom_padding_tablet=\u00bb0px||100px|||\u00bb custom_padding_phone=\u00bb20px||100px||false|false\u00bb global_colors_info=\u00bb{}\u00bb][et_pb_row column_structure=\u00bb1_2,1_2&#8243; _builder_version=\u00bb4.27.4&#8243; _module_preset=\u00bbdefault\u00bb background_image=\u00bbhttps:\/\/pensandopoliticaspublicas.com.ar\/wp-content\/uploads\/2026\/01\/ChatGPT-Image-21-ene-2026-05_19_34-p.m.png\u00bb width=\u00bb85%\u00bb max_width=\u00bb100%\u00bb custom_padding=\u00bb130px||130px|||\u00bb hover_enabled=\u00bb0&#8243; border_radii=\u00bbon|20px|20px|20px|20px\u00bb global_colors_info=\u00bb{}\u00bb title_text=\u00bbChatGPT Image 21 ene 2026, 05_19_34 p.m.\u00bb sticky_enabled=\u00bb0&#8243; background_color=\u00bbrgba(34,122,193,0.66)\u00bb background_blend=\u00bbmultiply\u00bb][et_pb_column type=\u00bb1_2&#8243; _builder_version=\u00bb4.24.2&#8243; _module_preset=\u00bbdefault\u00bb global_colors_info=\u00bb{}\u00bb][et_pb_text _builder_version=\u00bb4.27.4&#8243; _module_preset=\u00bbdefault\u00bb text_font=\u00bbPoppins||||||||\u00bb text_text_color=\u00bb#FFFFFF\u00bb text_font_size=\u00bb17px\u00bb custom_margin=\u00bb|50px||120px|false|false\u00bb custom_margin_tablet=\u00bb|40px|||false|false\u00bb custom_margin_phone=\u00bb|15px||15px|false|true\u00bb custom_margin_last_edited=\u00bbon|phone\u00bb hover_enabled=\u00bb0&#8243; global_colors_info=\u00bb{}\u00bb sticky_enabled=\u00bb0&#8243;]<\/p>\n<p>Nuestra misi\u00f3n es fortalecer la vigencia de los Derechos Humanos enunciados en la Constituci\u00f3n Nacional y Provincial, como as\u00ed tambi\u00e9n en los tratados de Derechos Humanos\u00a0 ratificados por la Rep\u00fablica Argentina.<\/p>\n<p>Contribuir al dise\u00f1o, implementaci\u00f3n y evaluaci\u00f3n de pol\u00edticas p\u00fablicas que promuevan el desarrollo humano, la inclusi\u00f3n social y la sostenibilidad ambiental, como aporte a los gobiernos y organismos provinciales y nacionales.<\/p>\n<p>[\/et_pb_text][\/et_pb_column][et_pb_column type=\u00bb1_2&#8243; _builder_version=\u00bb4.24.2&#8243; _module_preset=\u00bbdefault\u00bb global_colors_info=\u00bb{}\u00bb][et_pb_text _builder_version=\u00bb4.27.4&#8243; _module_preset=\u00bbdefault\u00bb text_font=\u00bbPoppins||||||||\u00bb text_text_color=\u00bb#FFFFFF\u00bb text_font_size=\u00bb17px\u00bb custom_margin=\u00bb|120px||50px|false|false\u00bb custom_margin_tablet=\u00bb|40px|||false|false\u00bb custom_margin_phone=\u00bb|15px||15px|false|true\u00bb custom_margin_last_edited=\u00bbon|phone\u00bb hover_enabled=\u00bb0&#8243; global_colors_info=\u00bb{}\u00bb sticky_enabled=\u00bb0&#8243;]<\/p>\n<p>Difundir y promover a trav\u00e9s de actividades p\u00fablicas, privadas, campa\u00f1as de concientizaci\u00f3n, disertaci\u00f3n, redacci\u00f3n de documentos, ensayos, investigaciones, trabajo de campo y obras en general.<\/p>\n<p>Ejercer la representaci\u00f3n administrativa y\/o judicial para sus asociados o cualquier otra persona que lo requiera en defensa de sus leg\u00edtimos derechos e intereses, relacionados con los objetivos de la Asociaci\u00f3n.<\/p>\n<p>[\/et_pb_text][\/et_pb_column][\/et_pb_row][\/et_pb_section][et_pb_section fb_built=\u00bb1&#8243; _builder_version=\u00bb4.24.2&#8243; _module_preset=\u00bbdefault\u00bb background_color=\u00bbgcid-6b01aeae-6a37-4b06-9919-8eb39740cf76&#8243; custom_padding=\u00bb61px||145px|||\u00bb bottom_divider_style=\u00bbwaves\u00bb bottom_divider_color=\u00bb#FFFFFF\u00bb global_colors_info=\u00bb{%22gcid-6b01aeae-6a37-4b06-9919-8eb39740cf76%22:%91%22background_color%22%93}\u00bb][et_pb_row _builder_version=\u00bb4.24.2&#8243; _module_preset=\u00bbdefault\u00bb background_enable_image=\u00bboff\u00bb width=\u00bb85%\u00bb max_width=\u00bb100%\u00bb custom_padding=\u00bb45px||60px|||\u00bb global_colors_info=\u00bb{}\u00bb][et_pb_column type=\u00bb4_4&#8243; _builder_version=\u00bb4.24.2&#8243; _module_preset=\u00bbdefault\u00bb global_colors_info=\u00bb{}\u00bb][et_pb_text _builder_version=\u00bb4.24.2&#8243; _module_preset=\u00bbdefault\u00bb header_2_font=\u00bbPoppins||||||||\u00bb header_2_text_color=\u00bb#FFFFFF\u00bb global_colors_info=\u00bb{}\u00bb]<\/p>\n<h2 style=\"text-align: center;\">Consejo acad\u00e9mico<\/h2>\n<p>[\/et_pb_text][\/et_pb_column][\/et_pb_row][et_pb_row _builder_version=\u00bb4.27.4&#8243; _module_preset=\u00bbdefault\u00bb width=\u00bb85%\u00bb max_width=\u00bb100%\u00bb hover_enabled=\u00bb0&#8243; global_colors_info=\u00bb{}\u00bb sticky_enabled=\u00bb0&#8243;][et_pb_column type=\u00bb4_4&#8243; _builder_version=\u00bb4.27.4&#8243; _module_preset=\u00bbdefault\u00bb hover_enabled=\u00bb0&#8243; global_colors_info=\u00bb{}\u00bb sticky_enabled=\u00bb0&#8243;][dipl_team_grid post_order=\u00bbASC\u00bb show_short_desc=\u00bboff\u00bb show_social_icon=\u00bboff\u00bb onclick_trigger=\u00bbopen_popup\u00bb display_in_popup=\u00bbon|on|off|on|off\u00bb select_layout=\u00bblayout4&#8243; column_spacing=\u00bb70px\u00bb number_of_columns_tablet=\u00bb\u00bb number_of_columns_phone=\u00bb2&#8243; number_of_columns_last_edited=\u00bbon|phone\u00bb _builder_version=\u00bb4.27.4&#8243; _module_preset=\u00bbdefault\u00bb name_font=\u00bbPoppins||||||||\u00bb name_text_align=\u00bbcenter\u00bb name_text_color=\u00bb#FFFFFF\u00bb designation_font=\u00bbPoppins||||||||\u00bb designation_text_align=\u00bbcenter\u00bb designation_text_color=\u00bbgcid-5efb8e2f-33d9-45f2-8f27-6ab1f105af16&#8243; designation_font_size=\u00bb14px\u00bb hover_enabled=\u00bb0&#8243; global_colors_info=\u00bb{%22gcid-5efb8e2f-33d9-45f2-8f27-6ab1f105af16%22:%91%22designation_text_color%22%93}\u00bb posts_number=\u00bb12&#8243; number_of_columns=\u00bb5&#8243; sticky_enabled=\u00bb0&#8243;][\/dipl_team_grid][\/et_pb_column][\/et_pb_row][\/et_pb_section][et_pb_section fb_built=\u00bb1&#8243; _builder_version=\u00bb4.24.2&#8243; _module_preset=\u00bbdefault\u00bb global_colors_info=\u00bb{}\u00bb][et_pb_row _builder_version=\u00bb4.24.2&#8243; _module_preset=\u00bbdefault\u00bb background_enable_image=\u00bboff\u00bb width=\u00bb85%\u00bb max_width=\u00bb100%\u00bb custom_padding=\u00bb45px||60px|||\u00bb global_colors_info=\u00bb{}\u00bb][et_pb_column type=\u00bb4_4&#8243; _builder_version=\u00bb4.24.2&#8243; _module_preset=\u00bbdefault\u00bb global_colors_info=\u00bb{}\u00bb][et_pb_text _builder_version=\u00bb4.24.3&#8243; _module_preset=\u00bbdefault\u00bb header_2_font=\u00bbPoppins||||||||\u00bb header_2_text_color=\u00bbgcid-6b01aeae-6a37-4b06-9919-8eb39740cf76&#8243; global_colors_info=\u00bb{%22gcid-6b01aeae-6a37-4b06-9919-8eb39740cf76%22:%91%22header_2_text_color%22%93}\u00bb]<\/p>\n<h2 style=\"text-align: center;\">Consejo directivo<\/h2>\n<p>[\/et_pb_text][\/et_pb_column][\/et_pb_row][et_pb_row column_structure=\u00bb1_3,1_3,1_3&#8243; _builder_version=\u00bb4.24.2&#8243; _module_preset=\u00bbdefault\u00bb background_enable_image=\u00bboff\u00bb width=\u00bb85%\u00bb max_width=\u00bb100%\u00bb custom_padding=\u00bb45px||60px|||\u00bb global_colors_info=\u00bb{}\u00bb][et_pb_column type=\u00bb1_3&#8243; _builder_version=\u00bb4.24.2&#8243; _module_preset=\u00bbdefault\u00bb global_colors_info=\u00bb{}\u00bb][et_pb_blurb title=\u00bbGuillermo Martin Pe\u00f1a\u00bb use_icon=\u00bbon\u00bb font_icon=\u00bb&#xf007;||fa||900&#8243; icon_color=\u00bbgcid-5efb8e2f-33d9-45f2-8f27-6ab1f105af16&#8243; icon_placement=\u00bbleft\u00bb _builder_version=\u00bb4.24.2&#8243; _module_preset=\u00bbdefault\u00bb header_font=\u00bbPoppins||||||||\u00bb body_font=\u00bbPoppins||||||||\u00bb global_colors_info=\u00bb{%22gcid-5efb8e2f-33d9-45f2-8f27-6ab1f105af16%22:%91%22icon_color%22%93}\u00bb]<\/p>\n<p>(Presidente)<\/p>\n<p>[\/et_pb_blurb][\/et_pb_column][et_pb_column type=\u00bb1_3&#8243; _builder_version=\u00bb4.24.2&#8243; _module_preset=\u00bbdefault\u00bb global_colors_info=\u00bb{}\u00bb][et_pb_blurb title=\u00bbLeonardo Ram\u00edrez\u00bb use_icon=\u00bbon\u00bb font_icon=\u00bb&#xf007;||fa||900&#8243; icon_color=\u00bbgcid-5efb8e2f-33d9-45f2-8f27-6ab1f105af16&#8243; icon_placement=\u00bbleft\u00bb _builder_version=\u00bb4.24.2&#8243; _module_preset=\u00bbdefault\u00bb header_font=\u00bbPoppins||||||||\u00bb body_font=\u00bbPoppins||||||||\u00bb global_colors_info=\u00bb{%22gcid-5efb8e2f-33d9-45f2-8f27-6ab1f105af16%22:%91%22icon_color%22%93}\u00bb]<\/p>\n<p>(Vicepresidente)<\/p>\n<p>[\/et_pb_blurb][\/et_pb_column][et_pb_column type=\u00bb1_3&#8243; _builder_version=\u00bb4.24.2&#8243; _module_preset=\u00bbdefault\u00bb global_colors_info=\u00bb{}\u00bb][et_pb_blurb title=\u00bbJuan Ignacio Azcune\u00bb use_icon=\u00bbon\u00bb font_icon=\u00bb&#xf007;||fa||900&#8243; icon_color=\u00bbgcid-5efb8e2f-33d9-45f2-8f27-6ab1f105af16&#8243; icon_placement=\u00bbleft\u00bb _builder_version=\u00bb4.24.2&#8243; _module_preset=\u00bbdefault\u00bb header_font=\u00bbPoppins||||||||\u00bb body_font=\u00bbPoppins||||||||\u00bb global_colors_info=\u00bb{%22gcid-5efb8e2f-33d9-45f2-8f27-6ab1f105af16%22:%91%22icon_color%22%93}\u00bb]<\/p>\n<p>(Secretario)<\/p>\n<p>[\/et_pb_blurb][\/et_pb_column][\/et_pb_row][et_pb_row column_structure=\u00bb1_3,1_3,1_3&#8243; _builder_version=\u00bb4.24.2&#8243; _module_preset=\u00bbdefault\u00bb background_enable_image=\u00bboff\u00bb width=\u00bb85%\u00bb max_width=\u00bb100%\u00bb custom_padding=\u00bb45px||60px|||\u00bb global_colors_info=\u00bb{}\u00bb][et_pb_column type=\u00bb1_3&#8243; _builder_version=\u00bb4.24.2&#8243; _module_preset=\u00bbdefault\u00bb global_colors_info=\u00bb{}\u00bb][et_pb_blurb title=\u00bbEduardo Rodolfo Miguez\u00bb use_icon=\u00bbon\u00bb font_icon=\u00bb&#xf007;||fa||900&#8243; icon_color=\u00bbgcid-5efb8e2f-33d9-45f2-8f27-6ab1f105af16&#8243; icon_placement=\u00bbleft\u00bb _builder_version=\u00bb4.24.2&#8243; _module_preset=\u00bbdefault\u00bb header_font=\u00bbPoppins||||||||\u00bb body_font=\u00bbPoppins||||||||\u00bb global_colors_info=\u00bb{%22gcid-5efb8e2f-33d9-45f2-8f27-6ab1f105af16%22:%91%22icon_color%22%93}\u00bb]<\/p>\n<p>(Tesorero)<\/p>\n<p>[\/et_pb_blurb][\/et_pb_column][et_pb_column type=\u00bb1_3&#8243; _builder_version=\u00bb4.24.2&#8243; _module_preset=\u00bbdefault\u00bb global_colors_info=\u00bb{}\u00bb][et_pb_blurb title=\u00bbMaria Soledad Asnaghi\u00bb use_icon=\u00bbon\u00bb font_icon=\u00bb&#xf007;||fa||900&#8243; icon_color=\u00bbgcid-5efb8e2f-33d9-45f2-8f27-6ab1f105af16&#8243; icon_placement=\u00bbleft\u00bb _builder_version=\u00bb4.24.2&#8243; _module_preset=\u00bbdefault\u00bb header_font=\u00bbPoppins||||||||\u00bb body_font=\u00bbPoppins||||||||\u00bb global_colors_info=\u00bb{%22gcid-5efb8e2f-33d9-45f2-8f27-6ab1f105af16%22:%91%22icon_color%22%93}\u00bb]<\/p>\n<p>(Vocal Titular)<\/p>\n<p>[\/et_pb_blurb][\/et_pb_column][et_pb_column type=\u00bb1_3&#8243; _builder_version=\u00bb4.24.2&#8243; _module_preset=\u00bbdefault\u00bb global_colors_info=\u00bb{}\u00bb][et_pb_blurb title=\u00bbNatalia Valpreda\u00bb use_icon=\u00bbon\u00bb font_icon=\u00bb&#xf007;||fa||900&#8243; icon_color=\u00bbgcid-5efb8e2f-33d9-45f2-8f27-6ab1f105af16&#8243; icon_placement=\u00bbleft\u00bb _builder_version=\u00bb4.24.2&#8243; _module_preset=\u00bbdefault\u00bb header_font=\u00bbPoppins||||||||\u00bb body_font=\u00bbPoppins||||||||\u00bb global_colors_info=\u00bb{%22gcid-5efb8e2f-33d9-45f2-8f27-6ab1f105af16%22:%91%22icon_color%22%93}\u00bb]<\/p>\n<p>(Vocal Suplente)<\/p>\n<p>[\/et_pb_blurb][\/et_pb_column][\/et_pb_row][et_pb_row column_structure=\u00bb1_3,1_3,1_3&#8243; _builder_version=\u00bb4.24.2&#8243; _module_preset=\u00bbdefault\u00bb background_enable_image=\u00bboff\u00bb width=\u00bb85%\u00bb max_width=\u00bb100%\u00bb custom_padding=\u00bb45px||60px|||\u00bb global_colors_info=\u00bb{}\u00bb][et_pb_column type=\u00bb1_3&#8243; _builder_version=\u00bb4.24.2&#8243; _module_preset=\u00bbdefault\u00bb global_colors_info=\u00bb{}\u00bb][et_pb_blurb title=\u00bbOrione Eduardo\u00bb use_icon=\u00bbon\u00bb font_icon=\u00bb&#xf007;||fa||900&#8243; icon_color=\u00bbgcid-5efb8e2f-33d9-45f2-8f27-6ab1f105af16&#8243; icon_placement=\u00bbleft\u00bb _builder_version=\u00bb4.24.2&#8243; _module_preset=\u00bbdefault\u00bb header_font=\u00bbPoppins||||||||\u00bb body_font=\u00bbPoppins||||||||\u00bb global_colors_info=\u00bb{%22gcid-5efb8e2f-33d9-45f2-8f27-6ab1f105af16%22:%91%22icon_color%22%93}\u00bb]<\/p>\n<p>(Comisi\u00f3n Revisora de Cuentas)<\/p>\n<p>[\/et_pb_blurb][\/et_pb_column][et_pb_column type=\u00bb1_3&#8243; _builder_version=\u00bb4.24.2&#8243; _module_preset=\u00bbdefault\u00bb global_colors_info=\u00bb{}\u00bb][et_pb_blurb title=\u00bbSebasti\u00e1n Csiammaro\u00bb use_icon=\u00bbon\u00bb font_icon=\u00bb&#xf007;||fa||900&#8243; icon_color=\u00bbgcid-5efb8e2f-33d9-45f2-8f27-6ab1f105af16&#8243; icon_placement=\u00bbleft\u00bb _builder_version=\u00bb4.24.2&#8243; _module_preset=\u00bbdefault\u00bb header_font=\u00bbPoppins||||||||\u00bb body_font=\u00bbPoppins||||||||\u00bb global_colors_info=\u00bb{%22gcid-5efb8e2f-33d9-45f2-8f27-6ab1f105af16%22:%91%22icon_color%22%93}\u00bb]<\/p>\n<p>(Comisi\u00f3n Revisora de Cuentas) &#8211; Suplente<\/p>\n<p>[\/et_pb_blurb][\/et_pb_column][et_pb_column type=\u00bb1_3&#8243; _builder_version=\u00bb4.24.2&#8243; _module_preset=\u00bbdefault\u00bb global_colors_info=\u00bb{}\u00bb][\/et_pb_column][\/et_pb_row][\/et_pb_section]<\/p>\n","protected":false},"excerpt":{"rendered":"<p>Centro de Estudios Pensando en Generar Pol\u00edticas P\u00fablicas \u2013 Asociaci\u00f3n Civil (exp. 21209\u2013215605 \/23\/4)Somos una organizaci\u00f3n no gubernamental sin fines de lucro, fundada en 2017 en la ciudad de La Plata, Argentina.Nuestra misi\u00f3n es fortalecer la vigencia de los Derechos Humanos enunciados en la Constituci\u00f3n Nacional y Provincial, como as\u00ed tambi\u00e9n en los tratados de [&hellip;]<\/p>\n","protected":false},"author":1,"featured_media":0,"parent":0,"menu_order":0,"comment_status":"closed","ping_status":"closed","template":"","meta":{"_et_pb_use_builder":"on","_et_pb_old_content":"","_et_gb_content_width":"","footnotes":""},"class_list":["post-77","page","type-page","status-publish","hentry"],"_links":{"self":[{"href":"https:\/\/pensandopoliticaspublicas.com.ar\/index.php\/wp-json\/wp\/v2\/pages\/77","targetHints":{"allow":["GET"]}}],"collection":[{"href":"https:\/\/pensandopoliticaspublicas.com.ar\/index.php\/wp-json\/wp\/v2\/pages"}],"about":[{"href":"https:\/\/pensandopoliticaspublicas.com.ar\/index.php\/wp-json\/wp\/v2\/types\/page"}],"author":[{"embeddable":true,"href":"https:\/\/pensandopoliticaspublicas.com.ar\/index.php\/wp-json\/wp\/v2\/users\/1"}],"replies":[{"embeddable":true,"href":"https:\/\/pensandopoliticaspublicas.com.ar\/index.php\/wp-json\/wp\/v2\/comments?post=77"}],"version-history":[{"count":18,"href":"https:\/\/pensandopoliticaspublicas.com.ar\/index.php\/wp-json\/wp\/v2\/pages\/77\/revisions"}],"predecessor-version":[{"id":872,"href":"https:\/\/pensandopoliticaspublicas.com.ar\/index.php\/wp-json\/wp\/v2\/pages\/77\/revisions\/872"}],"wp:attachment":[{"href":"https:\/\/pensandopoliticaspublicas.com.ar\/index.php\/wp-json\/wp\/v2\/media?parent=77"}],"curies":[{"name":"wp","href":"https:\/\/api.w.org\/{rel}","templated":true}]}}